{"id":2370,"date":"2023-03-15T11:33:00","date_gmt":"2023-03-15T08:33:00","guid":{"rendered":"https:\/\/hasaglobal.com\/ekip\/"},"modified":"2023-03-27T15:37:43","modified_gmt":"2023-03-27T12:37:43","slug":"ekip","status":"publish","type":"page","link":"https:\/\/hasaglobal.com\/tr\/ekip\/","title":{"rendered":"Ekip"},"content":{"rendered":"<section class=\"wpb-content-wrapper\"><p>[vc_row css=&#8221;.vc_custom_1678874077908{padding-bottom: 150px !important;}&#8221;][vc_column offset=&#8221;vc_col-lg-offset-2 vc_col-lg-8 vc_col-md-offset-2 vc_col-md-8 vc_col-sm-offset-0 vc_col-xs-12&#8243;]<div id=\"ultimate-heading-816169ee318273fa6\" class=\"uvc-heading ult-adjust-bottom-margin ultimate-heading-816169ee318273fa6 uvc-9683 \" data-hspacer=\"no_spacer\"  data-halign=\"center\" style=\"text-align:center\"><div class=\"uvc-heading-spacer no_spacer\" style=\"top\"><\/div><div class=\"uvc-main-heading ult-responsive\"  data-ultimate-target='.uvc-heading.ultimate-heading-816169ee318273fa6 h2'  data-responsive-json-new='{\"font-size\":\"desktop:50px;\",\"line-height\":\"desktop:60px;\"}' ><h2 style=\"font-weight:bold;\">Ekibimizle tan\u0131\u015f\u0131n!<\/h2><\/div><div class=\"uvc-sub-heading ult-responsive\"  data-ultimate-target='.uvc-heading.ultimate-heading-816169ee318273fa6 .uvc-sub-heading '  data-responsive-json-new='{\"font-size\":\"\",\"line-height\":\"\"}'  style=\"font-weight:normal;\">Firmam\u0131z\u0131n Y\u00fczleri<\/div><\/div>[\/vc_column][\/vc_row][vc_row][vc_column]<style type=\"text\/css\" data-type=\"the7_shortcodes-inline-css\">.dt-team-shortcode.team-masonry-shortcode-id-a6060da2dc1a6a50fa1fff66ad886419 .team-desc {\n  padding: 20px 20px 20px 20px;\n}\n.dt-team-shortcode.team-masonry-shortcode-id-a6060da2dc1a6a50fa1fff66ad886419 .team-author-name,\n.dt-team-shortcode.team-masonry-shortcode-id-a6060da2dc1a6a50fa1fff66ad886419 .team-author-name a {\n  margin-bottom: 0px;\n  font-weight: bold;\n}\n.dt-team-shortcode.team-masonry-shortcode-id-a6060da2dc1a6a50fa1fff66ad886419 .team-author p {\n  margin-bottom: 10px;\n  font-weight: bold;\n}\n.dt-team-shortcode.team-masonry-shortcode-id-a6060da2dc1a6a50fa1fff66ad886419  .team-media {\n  padding: 0px 0px 0px 0px;\n}\n.dt-team-shortcode.team-masonry-shortcode-id-a6060da2dc1a6a50fa1fff66ad886419 .dt-css-grid .team-media img {\n  max-width: 100%;\n}\n.dt-team-shortcode.team-masonry-shortcode-id-a6060da2dc1a6a50fa1fff66ad886419 .team-content {\n  margin-bottom: 5px;\n}\n.dt-team-shortcode.team-masonry-shortcode-id-a6060da2dc1a6a50fa1fff66ad886419  .team-media,\n.dt-team-shortcode.team-masonry-shortcode-id-a6060da2dc1a6a50fa1fff66ad886419  .team-media a.rollover,\n.dt-team-shortcode.team-masonry-shortcode-id-a6060da2dc1a6a50fa1fff66ad886419  .team-media a.rollover *,\n.dt-team-shortcode.team-masonry-shortcode-id-a6060da2dc1a6a50fa1fff66ad886419  .team-media img {\n  border-radius: 0px;\n}\n.dt-team-shortcode.team-masonry-shortcode-id-a6060da2dc1a6a50fa1fff66ad886419 .soc-ico {\n  margin-bottom: 15px;\n}\n.dt-team-shortcode.team-masonry-shortcode-id-a6060da2dc1a6a50fa1fff66ad886419 .soc-ico a {\n  min-width: 26px;\n  min-height: 26px;\n  font-size: 16px;\n  border-radius: 100px;\n}\n.dt-team-shortcode.team-masonry-shortcode-id-a6060da2dc1a6a50fa1fff66ad886419 .soc-ico a:not(:last-child) {\n  margin-right: 4px;\n}\n.dt-team-shortcode.team-masonry-shortcode-id-a6060da2dc1a6a50fa1fff66ad886419 .soc-ico a:before,\n.dt-team-shortcode.team-masonry-shortcode-id-a6060da2dc1a6a50fa1fff66ad886419 .soc-ico a:after {\n  min-width: 26px;\n  min-height: 26px;\n  padding: inherit;\n}\n.dt-icon-border-on.dt-team-shortcode.team-masonry-shortcode-id-a6060da2dc1a6a50fa1fff66ad886419 .soc-ico a:before {\n  border: 0px solid transparent;\n}\n.dt-team-shortcode.team-masonry-shortcode-id-a6060da2dc1a6a50fa1fff66ad886419 .soc-ico a:hover {\n  font-size: 16px;\n}\n#page .dt-team-shortcode.team-masonry-shortcode-id-a6060da2dc1a6a50fa1fff66ad886419 .soc-ico a:hover .soc-font-icon {\n  color: rgba(255,255,255,0.75);\n  background: none;\n}\n.dt-icon-border-hover-on.dt-team-shortcode.team-masonry-shortcode-id-a6060da2dc1a6a50fa1fff66ad886419 .soc-ico a:after {\n  border: 0px solid transparent;\n}\n#page .dt-team-shortcode.team-masonry-shortcode-id-a6060da2dc1a6a50fa1fff66ad886419 .soc-ico a:not(:hover) .soc-font-icon {\n  color: #ffffff;\n  background: none;\n}\n.dt-team-shortcode.team-masonry-shortcode-id-a6060da2dc1a6a50fa1fff66ad886419 .soc-ico a .soc-font-icon {\n  font-size: 16px;\n}\n.dt-team-shortcode.team-masonry-shortcode-id-a6060da2dc1a6a50fa1fff66ad886419 .filter-bg-decoration .filter-categories a.act {\n  color: #fff;\n}\n.dt-team-shortcode.team-masonry-shortcode-id-a6060da2dc1a6a50fa1fff66ad886419:not(.resize-by-browser-width) .dt-css-grid {\n  grid-row-gap: 30px;\n  grid-column-gap: 30px;\n  grid-template-columns: repeat(auto-fill,minmax(,1fr));\n}\n.cssgridlegacy.no-cssgrid .dt-team-shortcode.team-masonry-shortcode-id-a6060da2dc1a6a50fa1fff66ad886419:not(.resize-by-browser-width) .dt-css-grid,\n.no-cssgridlegacy.no-cssgrid .dt-team-shortcode.team-masonry-shortcode-id-a6060da2dc1a6a50fa1fff66ad886419:not(.resize-by-browser-width) .dt-css-grid {\n  display: flex;\n  flex-flow: row wrap;\n  margin: -15px;\n}\n.cssgridlegacy.no-cssgrid .dt-team-shortcode.team-masonry-shortcode-id-a6060da2dc1a6a50fa1fff66ad886419:not(.resize-by-browser-width) .dt-css-grid .wf-cell,\n.no-cssgridlegacy.no-cssgrid .dt-team-shortcode.team-masonry-shortcode-id-a6060da2dc1a6a50fa1fff66ad886419:not(.resize-by-browser-width) .dt-css-grid .wf-cell {\n  flex: 1 0 ;\n  max-width: 100%;\n  padding: 15px;\n  box-sizing: border-box;\n}\n.dt-team-shortcode.team-masonry-shortcode-id-a6060da2dc1a6a50fa1fff66ad886419.resize-by-browser-width .dt-css-grid {\n  grid-template-columns: repeat(3,1fr);\n  grid-template-rows: auto;\n  grid-column-gap: 30px;\n  grid-row-gap: 30px;\n}\n.cssgridlegacy.no-cssgrid .dt-team-shortcode.team-masonry-shortcode-id-a6060da2dc1a6a50fa1fff66ad886419.resize-by-browser-width .dt-css-grid,\n.no-cssgridlegacy.no-cssgrid .dt-team-shortcode.team-masonry-shortcode-id-a6060da2dc1a6a50fa1fff66ad886419.resize-by-browser-width .dt-css-grid {\n  margin: -15px;\n}\n.cssgridlegacy.no-cssgrid .dt-team-shortcode.team-masonry-shortcode-id-a6060da2dc1a6a50fa1fff66ad886419.resize-by-browser-width .dt-css-grid .wf-cell,\n.no-cssgridlegacy.no-cssgrid .dt-team-shortcode.team-masonry-shortcode-id-a6060da2dc1a6a50fa1fff66ad886419.resize-by-browser-width .dt-css-grid .wf-cell {\n  width: 33.333333333333%;\n  padding: 15px;\n}\n@media screen and (max-width: 1199px) {\n  .dt-team-shortcode.team-masonry-shortcode-id-a6060da2dc1a6a50fa1fff66ad886419.resize-by-browser-width .dt-css-grid {\n    grid-template-columns: repeat(3,1fr);\n  }\n  .cssgridlegacy.no-cssgrid .dt-team-shortcode.team-masonry-shortcode-id-a6060da2dc1a6a50fa1fff66ad886419.resize-by-browser-width .dt-css-grid .wf-cell,\n  .no-cssgridlegacy.no-cssgrid .dt-team-shortcode.team-masonry-shortcode-id-a6060da2dc1a6a50fa1fff66ad886419.resize-by-browser-width .dt-css-grid .wf-cell {\n    width: 33.333333333333%;\n  }\n}\n@media screen and (max-width: 991px) {\n  .dt-team-shortcode.team-masonry-shortcode-id-a6060da2dc1a6a50fa1fff66ad886419.resize-by-browser-width .dt-css-grid {\n    grid-template-columns: repeat(2,1fr);\n  }\n  .cssgridlegacy.no-cssgrid .dt-team-shortcode.team-masonry-shortcode-id-a6060da2dc1a6a50fa1fff66ad886419.resize-by-browser-width .dt-css-grid .wf-cell,\n  .no-cssgridlegacy.no-cssgrid .dt-team-shortcode.team-masonry-shortcode-id-a6060da2dc1a6a50fa1fff66ad886419.resize-by-browser-width .dt-css-grid .wf-cell {\n    width: 50%;\n  }\n}\n@media screen and (max-width: 767px) {\n  .dt-team-shortcode.team-masonry-shortcode-id-a6060da2dc1a6a50fa1fff66ad886419.resize-by-browser-width .dt-css-grid {\n    grid-template-columns: repeat(1,1fr);\n  }\n  .cssgridlegacy.no-cssgrid .dt-team-shortcode.team-masonry-shortcode-id-a6060da2dc1a6a50fa1fff66ad886419.resize-by-browser-width .dt-css-grid .wf-cell,\n  .no-cssgridlegacy.no-cssgrid .dt-team-shortcode.team-masonry-shortcode-id-a6060da2dc1a6a50fa1fff66ad886419.resize-by-browser-width .dt-css-grid .wf-cell {\n    width: 100%;\n  }\n}\n<\/style><div class=\"dt-team-masonry-shortcode dt-team-shortcode team-masonry-shortcode-id-a6060da2dc1a6a50fa1fff66ad886419 loading-effect-none mode-grid jquery-filter content-align-center content-bg-on dt-css-grid-wrap scale-img dt-css-grid-wrap dt-icon-bg-on dt-icon-border-on dt-icon-hover-bg-on dt-icon-border-hover-on move-icons-under-position resize-by-browser-width  \" data-padding=\"15px\" data-cur-page=\"1\" data-post-limit=\"-1\" data-pagination-mode=\"none\" data-desktop-columns-num=\"3\" data-v-tablet-columns-num=\"2\" data-h-tablet-columns-num=\"3\" data-phone-columns-num=\"1\" data-width=\"0px\" data-columns=\"0\"><div class=\"dt-css-grid\" ><div class=\"visible wf-cell\" data-post-id=\"2226\" data-date=\"2023-03-15T12:58:24+03:00\" data-name=\"Ercan BULUT\"><div class=\"team-container visible post post-2226 dt_team type-dt_team status-publish has-post-thumbnail hentry dt_team_category-paketleme-sorumlusu dt_team_category-89\"><div class=\"team-media\"><span><img loading=\"lazy\" decoding=\"async\" class=\"preload-me iso-lazy-load\" src=\"data:image\/svg+xml,%3Csvg%20xmlns%3D&#39;http%3A%2F%2Fwww.w3.org%2F2000%2Fsvg&#39;%20viewBox%3D&#39;0%200%201536%201536&#39;%2F%3E\" data-src=\"https:\/\/hasaglobal.com\/wp-content\/uploads\/2023\/03\/WhatsApp-Image-2023-03-15-at-12.41.59-1-1536x1536.jpeg\" data-srcset=\"https:\/\/hasaglobal.com\/wp-content\/uploads\/2023\/03\/WhatsApp-Image-2023-03-15-at-12.41.59-1-1536x1536.jpeg 1536w\" width=\"1536\" height=\"1536\"  title=\"WhatsApp Image 2023-03-15 at 12.41.59 (1)\" alt=\"\" \/><\/span><\/div><div class=\"team-desc\"><div class=\"team-author\"><div class=\"team-author-name\">Ercan BULUT<\/div><\/div><div class=\"team-content\"><p><strong>Paketleme Sorumlusu<\/strong><\/p>\n<\/div><\/div><\/div><\/div><div class=\"visible wf-cell\" data-post-id=\"2230\" data-date=\"2023-03-15T14:13:09+03:00\" data-name=\"Tun\u00e7 KO\u015eUCU\"><div class=\"team-container visible post post-2230 dt_team type-dt_team status-publish has-post-thumbnail hentry dt_team_category-bt-departman dt_team_category-93\"><div class=\"team-media\"><span><img loading=\"lazy\" decoding=\"async\" class=\"preload-me iso-lazy-load\" src=\"data:image\/svg+xml,%3Csvg%20xmlns%3D&#39;http%3A%2F%2Fwww.w3.org%2F2000%2Fsvg&#39;%20viewBox%3D&#39;0%200%20412%20412&#39;%2F%3E\" data-src=\"https:\/\/hasaglobal.com\/wp-content\/uploads\/2023\/03\/IMG_0117-412x412.jpeg\" data-srcset=\"https:\/\/hasaglobal.com\/wp-content\/uploads\/2023\/03\/IMG_0117-412x412.jpeg 412w\" width=\"412\" height=\"412\"  title=\"IMG_0117\" alt=\"\" \/><\/span><\/div><div class=\"team-desc\"><div class=\"team-author\"><div class=\"team-author-name\">Tun\u00e7 KO\u015eUCU<\/div><\/div><div class=\"team-content\"><p><strong>BT. Departman<\/strong><\/p>\n<\/div><\/div><\/div><\/div><div class=\"visible wf-cell\" data-post-id=\"2232\" data-date=\"2023-03-15T14:26:49+03:00\" data-name=\"Enis BAL\"><div class=\"team-container visible post post-2232 dt_team type-dt_team status-publish has-post-thumbnail hentry\"><div class=\"team-media\"><span><img loading=\"lazy\" decoding=\"async\" class=\"preload-me iso-lazy-load\" src=\"data:image\/svg+xml,%3Csvg%20xmlns%3D&#39;http%3A%2F%2Fwww.w3.org%2F2000%2Fsvg&#39;%20viewBox%3D&#39;0%200%202252%202252&#39;%2F%3E\" data-src=\"https:\/\/hasaglobal.com\/wp-content\/uploads\/2023\/03\/IMG_0120-scaled-2252x2252.jpeg\" data-srcset=\"https:\/\/hasaglobal.com\/wp-content\/uploads\/2023\/03\/IMG_0120-scaled-2252x2252.jpeg 2252w\" width=\"2252\" height=\"2252\"  title=\"IMG_0120\" alt=\"\" \/><\/span><\/div><div class=\"team-desc\"><div class=\"team-author\"><div class=\"team-author-name\">Enis BAL<\/div><\/div><div class=\"team-content\"><p><strong>G\u00fcmr\u00fck M\u00fc\u015favirli\u011fi Operasyonlar\u0131 Ba\u015fkan\u0131<\/strong><\/p>\n<\/div><\/div><\/div><\/div><div class=\"visible wf-cell\" data-post-id=\"2688\" data-date=\"2023-10-31T17:02:52+03:00\" data-name=\"EM\u0130NE B\u00dcY\u00dcKBA\u015e\"><div class=\"team-container visible post post-2688 dt_team type-dt_team status-publish has-post-thumbnail hentry\"><div class=\"team-media\"><a href=\"https:\/\/hasaglobal.com\/tr\/dt_team\/emine-buyukbas\/\" class=\"rollover layzr-bg\"><img loading=\"lazy\" decoding=\"async\" class=\"preload-me iso-lazy-load\" src=\"data:image\/svg+xml,%3Csvg%20xmlns%3D&#39;http%3A%2F%2Fwww.w3.org%2F2000%2Fsvg&#39;%20viewBox%3D&#39;0%200%201657%201657&#39;%2F%3E\" data-src=\"https:\/\/hasaglobal.com\/wp-content\/uploads\/2023\/10\/IMG_0195-1-1657x1657.jpeg\" data-srcset=\"https:\/\/hasaglobal.com\/wp-content\/uploads\/2023\/10\/IMG_0195-1-1657x1657.jpeg 1657w\" width=\"1657\" height=\"1657\"  title=\"IMG_0195\" alt=\"\" \/><\/a><\/div><div class=\"team-desc\"><div class=\"team-author\"><div class=\"team-author-name\"><a href=\"https:\/\/hasaglobal.com\/tr\/dt_team\/emine-buyukbas\/\">EM\u0130NE B\u00dcY\u00dcKBA\u015e<\/a><\/div><\/div><div class=\"team-content\"><p>Muhasebe<\/p>\n<\/div><\/div><\/div><\/div><\/div><!-- iso-container|iso-grid --><\/div>[\/vc_column][\/vc_row]<\/p>\n<\/section>","protected":false},"excerpt":{"rendered":"<p>[vc_row css=&#8221;.vc_custom_1678874077908{padding-bottom: 150px !important;}&#8221;][vc_column offset=&#8221;vc_col-lg-offset-2 vc_col-lg-8 vc_col-md-offset-2 vc_col-md-8 vc_col-sm-offset-0 vc_col-xs-12&#8243;][\/vc_column][\/vc_row][vc_row][vc_column][\/vc_column][\/vc_row]<\/p>\n","protected":false},"author":1,"featured_media":2130,"parent":0,"menu_order":0,"comment_status":"closed","ping_status":"closed","template":"","meta":{"footnotes":""},"class_list":["post-2370","page","type-page","status-publish","has-post-thumbnail","hentry","description-off"],"yoast_head":"<!-- This site is optimized with the Yoast SEO plugin v24.2 - https:\/\/yoast.com\/wordpress\/plugins\/seo\/ -->\n<title>Ekip - Hasa Global<\/title>\n<meta name=\"robots\" content=\"index, follow, max-snippet:-1, max-image-preview:large, max-video-preview:-1\" \/>\n<link rel=\"canonical\" href=\"https:\/\/hasaglobal.com\/tr\/ekip\/\" \/>\n<meta property=\"og:locale\" content=\"tr_TR\" \/>\n<meta property=\"og:type\" content=\"article\" \/>\n<meta property=\"og:title\" content=\"Ekip - Hasa Global\" \/>\n<meta property=\"og:description\" content=\"[vc_row css=&#8221;.vc_custom_1678874077908{padding-bottom: 150px !important;}&#8221;][vc_column offset=&#8221;vc_col-lg-offset-2 vc_col-lg-8 vc_col-md-offset-2 vc_col-md-8 vc_col-sm-offset-0 vc_col-xs-12&#8243;][\/vc_column][\/vc_row][vc_row][vc_column][\/vc_column][\/vc_row]\" \/>\n<meta property=\"og:url\" content=\"https:\/\/hasaglobal.com\/tr\/ekip\/\" \/>\n<meta property=\"og:site_name\" content=\"Hasa Global\" \/>\n<meta property=\"article:publisher\" content=\"https:\/\/www.facebook.com\/awardogofficial\" \/>\n<meta property=\"article:modified_time\" content=\"2023-03-27T12:37:43+00:00\" \/>\n<meta property=\"og:image\" content=\"https:\/\/hasaglobal.com\/wp-content\/uploads\/2023\/03\/WhatsApp-Image-2023-03-15-at-12.41.59-1.jpeg\" \/>\n\t<meta property=\"og:image:width\" content=\"1536\" \/>\n\t<meta property=\"og:image:height\" content=\"2048\" \/>\n\t<meta property=\"og:image:type\" content=\"image\/jpeg\" \/>\n<meta name=\"twitter:card\" content=\"summary_large_image\" \/>\n<script type=\"application\/ld+json\" class=\"yoast-schema-graph\">{\"@context\":\"https:\/\/schema.org\",\"@graph\":[{\"@type\":\"WebPage\",\"@id\":\"https:\/\/hasaglobal.com\/tr\/ekip\/\",\"url\":\"https:\/\/hasaglobal.com\/tr\/ekip\/\",\"name\":\"Ekip - Hasa Global\",\"isPartOf\":{\"@id\":\"https:\/\/hasaglobal.com\/tr\/#website\"},\"primaryImageOfPage\":{\"@id\":\"https:\/\/hasaglobal.com\/tr\/ekip\/#primaryimage\"},\"image\":{\"@id\":\"https:\/\/hasaglobal.com\/tr\/ekip\/#primaryimage\"},\"thumbnailUrl\":\"https:\/\/hasaglobal.com\/wp-content\/uploads\/2023\/03\/WhatsApp-Image-2023-03-15-at-12.41.59-1.jpeg\",\"datePublished\":\"2023-03-15T08:33:00+00:00\",\"dateModified\":\"2023-03-27T12:37:43+00:00\",\"breadcrumb\":{\"@id\":\"https:\/\/hasaglobal.com\/tr\/ekip\/#breadcrumb\"},\"inLanguage\":\"tr\",\"potentialAction\":[{\"@type\":\"ReadAction\",\"target\":[\"https:\/\/hasaglobal.com\/tr\/ekip\/\"]}]},{\"@type\":\"ImageObject\",\"inLanguage\":\"tr\",\"@id\":\"https:\/\/hasaglobal.com\/tr\/ekip\/#primaryimage\",\"url\":\"https:\/\/hasaglobal.com\/wp-content\/uploads\/2023\/03\/WhatsApp-Image-2023-03-15-at-12.41.59-1.jpeg\",\"contentUrl\":\"https:\/\/hasaglobal.com\/wp-content\/uploads\/2023\/03\/WhatsApp-Image-2023-03-15-at-12.41.59-1.jpeg\",\"width\":1536,\"height\":2048},{\"@type\":\"BreadcrumbList\",\"@id\":\"https:\/\/hasaglobal.com\/tr\/ekip\/#breadcrumb\",\"itemListElement\":[{\"@type\":\"ListItem\",\"position\":1,\"name\":\"Anasayfa\",\"item\":\"https:\/\/hasaglobal.com\/tr\/\"},{\"@type\":\"ListItem\",\"position\":2,\"name\":\"Ekip\"}]},{\"@type\":\"WebSite\",\"@id\":\"https:\/\/hasaglobal.com\/tr\/#website\",\"url\":\"https:\/\/hasaglobal.com\/tr\/\",\"name\":\"Hasa Global\",\"description\":\"Sevgini G\u00f6ster\",\"publisher\":{\"@id\":\"https:\/\/hasaglobal.com\/tr\/#organization\"},\"alternateName\":\"Hasa Global\",\"potentialAction\":[{\"@type\":\"SearchAction\",\"target\":{\"@type\":\"EntryPoint\",\"urlTemplate\":\"https:\/\/hasaglobal.com\/tr\/?s={search_term_string}\"},\"query-input\":{\"@type\":\"PropertyValueSpecification\",\"valueRequired\":true,\"valueName\":\"search_term_string\"}}],\"inLanguage\":\"tr\"},{\"@type\":\"Organization\",\"@id\":\"https:\/\/hasaglobal.com\/tr\/#organization\",\"name\":\"Hasa Global\",\"url\":\"https:\/\/hasaglobal.com\/tr\/\",\"logo\":{\"@type\":\"ImageObject\",\"inLanguage\":\"tr\",\"@id\":\"https:\/\/hasaglobal.com\/tr\/#\/schema\/logo\/image\/\",\"url\":\"https:\/\/hasaglobal.com\/wp-content\/uploads\/2023\/02\/Adsiz-2000-\u00d7-1000-piksel-2000-\u00d7-500-piksel-250-\u00d7-63-piksel-500-\u00d7-126-piksel.png\",\"contentUrl\":\"https:\/\/hasaglobal.com\/wp-content\/uploads\/2023\/02\/Adsiz-2000-\u00d7-1000-piksel-2000-\u00d7-500-piksel-250-\u00d7-63-piksel-500-\u00d7-126-piksel.png\",\"width\":500,\"height\":126,\"caption\":\"Hasa Global\"},\"image\":{\"@id\":\"https:\/\/hasaglobal.com\/tr\/#\/schema\/logo\/image\/\"},\"sameAs\":[\"https:\/\/www.facebook.com\/awardogofficial\"]}]}<\/script>\n<!-- \/ Yoast SEO plugin. -->","yoast_head_json":{"title":"Ekip - Hasa Global","robots":{"index":"index","follow":"follow","max-snippet":"max-snippet:-1","max-image-preview":"max-image-preview:large","max-video-preview":"max-video-preview:-1"},"canonical":"https:\/\/hasaglobal.com\/tr\/ekip\/","og_locale":"tr_TR","og_type":"article","og_title":"Ekip - Hasa Global","og_description":"[vc_row css=&#8221;.vc_custom_1678874077908{padding-bottom: 150px !important;}&#8221;][vc_column offset=&#8221;vc_col-lg-offset-2 vc_col-lg-8 vc_col-md-offset-2 vc_col-md-8 vc_col-sm-offset-0 vc_col-xs-12&#8243;][\/vc_column][\/vc_row][vc_row][vc_column][\/vc_column][\/vc_row]","og_url":"https:\/\/hasaglobal.com\/tr\/ekip\/","og_site_name":"Hasa Global","article_publisher":"https:\/\/www.facebook.com\/awardogofficial","article_modified_time":"2023-03-27T12:37:43+00:00","og_image":[{"width":1536,"height":2048,"url":"https:\/\/hasaglobal.com\/wp-content\/uploads\/2023\/03\/WhatsApp-Image-2023-03-15-at-12.41.59-1.jpeg","type":"image\/jpeg"}],"twitter_card":"summary_large_image","schema":{"@context":"https:\/\/schema.org","@graph":[{"@type":"WebPage","@id":"https:\/\/hasaglobal.com\/tr\/ekip\/","url":"https:\/\/hasaglobal.com\/tr\/ekip\/","name":"Ekip - Hasa Global","isPartOf":{"@id":"https:\/\/hasaglobal.com\/tr\/#website"},"primaryImageOfPage":{"@id":"https:\/\/hasaglobal.com\/tr\/ekip\/#primaryimage"},"image":{"@id":"https:\/\/hasaglobal.com\/tr\/ekip\/#primaryimage"},"thumbnailUrl":"https:\/\/hasaglobal.com\/wp-content\/uploads\/2023\/03\/WhatsApp-Image-2023-03-15-at-12.41.59-1.jpeg","datePublished":"2023-03-15T08:33:00+00:00","dateModified":"2023-03-27T12:37:43+00:00","breadcrumb":{"@id":"https:\/\/hasaglobal.com\/tr\/ekip\/#breadcrumb"},"inLanguage":"tr","potentialAction":[{"@type":"ReadAction","target":["https:\/\/hasaglobal.com\/tr\/ekip\/"]}]},{"@type":"ImageObject","inLanguage":"tr","@id":"https:\/\/hasaglobal.com\/tr\/ekip\/#primaryimage","url":"https:\/\/hasaglobal.com\/wp-content\/uploads\/2023\/03\/WhatsApp-Image-2023-03-15-at-12.41.59-1.jpeg","contentUrl":"https:\/\/hasaglobal.com\/wp-content\/uploads\/2023\/03\/WhatsApp-Image-2023-03-15-at-12.41.59-1.jpeg","width":1536,"height":2048},{"@type":"BreadcrumbList","@id":"https:\/\/hasaglobal.com\/tr\/ekip\/#breadcrumb","itemListElement":[{"@type":"ListItem","position":1,"name":"Anasayfa","item":"https:\/\/hasaglobal.com\/tr\/"},{"@type":"ListItem","position":2,"name":"Ekip"}]},{"@type":"WebSite","@id":"https:\/\/hasaglobal.com\/tr\/#website","url":"https:\/\/hasaglobal.com\/tr\/","name":"Hasa Global","description":"Sevgini G\u00f6ster","publisher":{"@id":"https:\/\/hasaglobal.com\/tr\/#organization"},"alternateName":"Hasa Global","potentialAction":[{"@type":"SearchAction","target":{"@type":"EntryPoint","urlTemplate":"https:\/\/hasaglobal.com\/tr\/?s={search_term_string}"},"query-input":{"@type":"PropertyValueSpecification","valueRequired":true,"valueName":"search_term_string"}}],"inLanguage":"tr"},{"@type":"Organization","@id":"https:\/\/hasaglobal.com\/tr\/#organization","name":"Hasa Global","url":"https:\/\/hasaglobal.com\/tr\/","logo":{"@type":"ImageObject","inLanguage":"tr","@id":"https:\/\/hasaglobal.com\/tr\/#\/schema\/logo\/image\/","url":"https:\/\/hasaglobal.com\/wp-content\/uploads\/2023\/02\/Adsiz-2000-\u00d7-1000-piksel-2000-\u00d7-500-piksel-250-\u00d7-63-piksel-500-\u00d7-126-piksel.png","contentUrl":"https:\/\/hasaglobal.com\/wp-content\/uploads\/2023\/02\/Adsiz-2000-\u00d7-1000-piksel-2000-\u00d7-500-piksel-250-\u00d7-63-piksel-500-\u00d7-126-piksel.png","width":500,"height":126,"caption":"Hasa Global"},"image":{"@id":"https:\/\/hasaglobal.com\/tr\/#\/schema\/logo\/image\/"},"sameAs":["https:\/\/www.facebook.com\/awardogofficial"]}]}},"_links":{"self":[{"href":"https:\/\/hasaglobal.com\/tr\/wp-json\/wp\/v2\/pages\/2370","targetHints":{"allow":["GET"]}}],"collection":[{"href":"https:\/\/hasaglobal.com\/tr\/wp-json\/wp\/v2\/pages"}],"about":[{"href":"https:\/\/hasaglobal.com\/tr\/wp-json\/wp\/v2\/types\/page"}],"author":[{"embeddable":true,"href":"https:\/\/hasaglobal.com\/tr\/wp-json\/wp\/v2\/users\/1"}],"replies":[{"embeddable":true,"href":"https:\/\/hasaglobal.com\/tr\/wp-json\/wp\/v2\/comments?post=2370"}],"version-history":[{"count":2,"href":"https:\/\/hasaglobal.com\/tr\/wp-json\/wp\/v2\/pages\/2370\/revisions"}],"predecessor-version":[{"id":2372,"href":"https:\/\/hasaglobal.com\/tr\/wp-json\/wp\/v2\/pages\/2370\/revisions\/2372"}],"wp:featuredmedia":[{"embeddable":true,"href":"https:\/\/hasaglobal.com\/tr\/wp-json\/wp\/v2\/media\/2130"}],"wp:attachment":[{"href":"https:\/\/hasaglobal.com\/tr\/wp-json\/wp\/v2\/media?parent=2370"}],"curies":[{"name":"wp","href":"https:\/\/api.w.org\/{rel}","templated":true}]}}