{"id":492,"date":"2019-01-23T15:24:11","date_gmt":"2019-01-23T12:24:11","guid":{"rendered":"https:\/\/the7.io\/weed\/?page_id=8"},"modified":"2023-03-03T16:10:31","modified_gmt":"2023-03-03T13:10:31","slug":"hakkimizda","status":"publish","type":"page","link":"https:\/\/hasaglobal.com\/tr\/hakkimizda\/","title":{"rendered":"Hakk\u0131m\u0131zda"},"content":{"rendered":"<section class=\"wpb-content-wrapper\"><p>[vc_row][vc_column offset=&#8221;vc_col-lg-offset-0 vc_col-md-offset-0&#8243;][vc_row_inner equal_height=&#8221;yes&#8221; content_placement=&#8221;middle&#8221;][vc_column_inner width=&#8221;1\/2&#8243; offset=&#8221;vc_col-lg-offset-1 vc_col-lg-6 vc_col-md-offset-1 vc_col-md-6 vc_col-sm-offset-0 vc_col-xs-12&#8243; css=&#8221;.vc_custom_1675415808878{margin-bottom: 20px !important;border-left-width: 3px !important;padding-left: 40px !important;border-left-color: #285370 !important;border-left-style: dashed !important;}&#8221;]<div id=\"ultimate-heading-531369e88918cac07\" class=\"uvc-heading ult-adjust-bottom-margin ultimate-heading-531369e88918cac07 uvc-6906 accent-icon-color uvc-heading-default-font-sizes\" data-hspacer=\"icon_only\"  data-halign=\"left\" style=\"text-align:left\"><div class=\"uvc-heading-spacer icon_only\" style=\"top\"><div class=\"ult-just-icon-wrapper  \"><div class=\"align-icon\" style=\"text-align:left;\">\n<div class=\"aio-icon none \"  style=\"font-size:32px;\">\n\t<i class=\"Defaults-paw\"><\/i>\n<\/div><\/div><\/div><\/div><div class=\"uvc-main-heading ult-responsive\"  data-ultimate-target='.uvc-heading.ultimate-heading-531369e88918cac07 h3'  data-responsive-json-new='{\"font-size\":\"\",\"line-height\":\"\"}' ><h3 style=\"font-weight:bold;margin-bottom:15px;\">Biz Kimiz<\/h3><\/div><div class=\"uvc-sub-heading ult-responsive\"  data-ultimate-target='.uvc-heading.ultimate-heading-531369e88918cac07 .uvc-sub-heading '  data-responsive-json-new='{\"font-size\":\"\",\"line-height\":\"desktop:27px;\"}'  style=\"font-weight:normal;margin-bottom:20px;\"><\/p>\n<p id=\"tw-target-text\" class=\"tw-data-text tw-text-large tw-ta\" dir=\"ltr\" data-placeholder=\"\u00c7eviri\"><span class=\"Y2IQFc\" lang=\"tr\">B\u00f6lgedeki tek elden hizmet imkanlar\u0131yla birinci s\u0131n\u0131f do\u011fal k\u00f6pek \u00f6d\u00fcllerinin en b\u00fcy\u00fck \u00fcreticisiyiz. Sekt\u00f6rdeki 15 y\u0131l\u0131 a\u015fk\u0131n deneyimimiz, \u00fcretti\u011fimiz \u00fcr\u00fcnlerdeki kalitemiz ve m\u00fc\u015fterilerimizle m\u00fckemmel ileti\u015fimimiz ile tan\u0131n\u0131yoruz.<\/span><\/p>\n<p><\/div><\/div>[\/vc_column_inner][vc_column_inner width=&#8221;1\/2&#8243; offset=&#8221;vc_col-lg-offset-0 vc_col-lg-4 vc_col-md-offset-0 vc_col-md-4 vc_col-sm-offset-0 vc_hidden-xs&#8221; css=&#8221;.vc_custom_1550511674362{padding-left: 40px !important;}&#8221;]<style type=\"text\/css\" data-type=\"the7_shortcodes-inline-css\">.shortcode-single-image-wrap.shortcode-single-image-161212d91b4bf2d68532b3d15ba748b1.enable-bg-rollover .rollover i,\n.shortcode-single-image-wrap.shortcode-single-image-161212d91b4bf2d68532b3d15ba748b1.enable-bg-rollover .rollover-video i {\n  background: -webkit-linear-gradient();\n  background: linear-gradient();\n}\n.shortcode-single-image-wrap.shortcode-single-image-161212d91b4bf2d68532b3d15ba748b1 .rollover-icon {\n  font-size: 32px;\n  color: #ffffff;\n  min-width: 44px;\n  min-height: 44px;\n  line-height: 44px;\n  border-radius: 100px;\n  border-style: solid;\n  border-width: 0px;\n}\n.dt-icon-bg-on.shortcode-single-image-wrap.shortcode-single-image-161212d91b4bf2d68532b3d15ba748b1 .rollover-icon {\n  background: rgba(255,255,255,0.3);\n  box-shadow: none;\n}\n<\/style><div class=\"shortcode-single-image-wrap shortcode-single-image-161212d91b4bf2d68532b3d15ba748b1 alignnone  enable-bg-rollover dt-icon-bg-off\" style=\"margin-top:0px; margin-bottom:0px; margin-left:0px; margin-right:0px; width:800px;\"><div class=\"shortcode-single-image\"><div class=\"fancy-media-wrap  layzr-bg\" style=\"border-radius:800px;\"><img loading=\"lazy\" decoding=\"async\" class=\"preload-me lazy-load\" src=\"data:image\/svg+xml,%3Csvg%20xmlns%3D&#39;http%3A%2F%2Fwww.w3.org%2F2000%2Fsvg&#39;%20viewBox%3D&#39;0%200%20607%20607&#39;%2F%3E\" data-src=\"https:\/\/hasaglobal.com\/wp-content\/uploads\/2023\/03\/hakkimizda-about-us-607x607.jpg\" data-srcset=\"https:\/\/hasaglobal.com\/wp-content\/uploads\/2023\/03\/hakkimizda-about-us-607x607.jpg 607w\" width=\"607\" height=\"607\"  data-dt-location=\"https:\/\/hasaglobal.com\/tr\/hakkimizda\/hakkimizda-about-us\/\" style=\"box-shadow:5px 5px 5px 5px rgba(0,0,0,0.6); -webkit-box-shadow:5px 5px 5px 5px rgba(0,0,0,0.6); border-radius:800px;\" alt=\"\" \/><\/div><\/div><\/div>[\/vc_column_inner][\/vc_row_inner][vc_row_inner equal_height=&#8221;yes&#8221; content_placement=&#8221;middle&#8221;][vc_column_inner width=&#8221;1\/2&#8243; offset=&#8221;vc_col-lg-offset-1 vc_col-lg-4 vc_col-md-offset-1 vc_col-md-4 vc_hidden-xs&#8221; css=&#8221;.vc_custom_1550511660681{padding-right: 40px !important;}&#8221;]<style type=\"text\/css\" data-type=\"the7_shortcodes-inline-css\">.shortcode-single-image-wrap.shortcode-single-image-d095c11f9ad2770aac3071826933eedc.enable-bg-rollover .rollover i,\n.shortcode-single-image-wrap.shortcode-single-image-d095c11f9ad2770aac3071826933eedc.enable-bg-rollover .rollover-video i {\n  background: -webkit-linear-gradient();\n  background: linear-gradient();\n}\n.shortcode-single-image-wrap.shortcode-single-image-d095c11f9ad2770aac3071826933eedc .rollover-icon {\n  font-size: 32px;\n  color: #ffffff;\n  min-width: 44px;\n  min-height: 44px;\n  line-height: 44px;\n  border-radius: 100px;\n  border-style: solid;\n  border-width: 0px;\n}\n.dt-icon-bg-on.shortcode-single-image-wrap.shortcode-single-image-d095c11f9ad2770aac3071826933eedc .rollover-icon {\n  background: rgba(255,255,255,0.3);\n  box-shadow: none;\n}\n<\/style><div class=\"shortcode-single-image-wrap shortcode-single-image-d095c11f9ad2770aac3071826933eedc alignnone  enable-bg-rollover dt-icon-bg-off\" style=\"margin-top:0px; margin-bottom:0px; margin-left:0px; margin-right:0px; width:800px;\"><div class=\"shortcode-single-image\"><div class=\"fancy-media-wrap  layzr-bg\" style=\"border-radius:800px;\"><img loading=\"lazy\" decoding=\"async\" class=\"preload-me lazy-load\" src=\"data:image\/svg+xml,%3Csvg%20xmlns%3D&#39;http%3A%2F%2Fwww.w3.org%2F2000%2Fsvg&#39;%20viewBox%3D&#39;0%200%20608%20608&#39;%2F%3E\" data-src=\"https:\/\/hasaglobal.com\/wp-content\/uploads\/2023\/03\/hakkimizda-about-us.-608x608.jpg\" data-srcset=\"https:\/\/hasaglobal.com\/wp-content\/uploads\/2023\/03\/hakkimizda-about-us.-608x608.jpg 608w\" width=\"608\" height=\"608\"  data-dt-location=\"https:\/\/hasaglobal.com\/tr\/hakkimizda\/hakkimizda-about-us-2\/\" style=\"box-shadow:5px 5px 5px 5px rgba(0,0,0,0.6); -webkit-box-shadow:5px 5px 5px 5px rgba(0,0,0,0.6); border-radius:800px;\" alt=\"\" \/><\/div><\/div><\/div>[\/vc_column_inner][vc_column_inner width=&#8221;1\/2&#8243; offset=&#8221;vc_col-lg-offset-0 vc_col-lg-6 vc_col-md-offset-0 vc_col-md-6 vc_col-sm-offset-0 vc_col-xs-12&#8243; css=&#8221;.vc_custom_1675415814365{margin-bottom: 20px !important;border-left-width: 3px !important;padding-left: 40px !important;border-left-color: #285370 !important;border-left-style: dashed !important;}&#8221;]<div id=\"ultimate-heading-463569e88918ceb04\" class=\"uvc-heading ult-adjust-bottom-margin ultimate-heading-463569e88918ceb04 uvc-8963 accent-icon-color uvc-heading-default-font-sizes\" data-hspacer=\"icon_only\"  data-halign=\"left\" style=\"text-align:left\"><div class=\"uvc-heading-spacer icon_only\" style=\"top\"><div class=\"ult-just-icon-wrapper  \"><div class=\"align-icon\" style=\"text-align:left;\">\n<div class=\"aio-icon none \"  style=\"font-size:32px;\">\n\t<i class=\"Defaults-paw\"><\/i>\n<\/div><\/div><\/div><\/div><div class=\"uvc-main-heading ult-responsive\"  data-ultimate-target='.uvc-heading.ultimate-heading-463569e88918ceb04 h3'  data-responsive-json-new='{\"font-size\":\"\",\"line-height\":\"\"}' ><h3 style=\"font-weight:bold;margin-bottom:15px;\">Stratejimiz<\/h3><\/div><div class=\"uvc-sub-heading ult-responsive\"  data-ultimate-target='.uvc-heading.ultimate-heading-463569e88918ceb04 .uvc-sub-heading '  data-responsive-json-new='{\"font-size\":\"\",\"line-height\":\"desktop:27px;\"}'  style=\"font-weight:normal;margin-bottom:20px;\"><\/p>\n<p id=\"tw-target-text\" class=\"tw-data-text tw-text-large tw-ta\" dir=\"ltr\" data-placeholder=\"\u00c7eviri\"><span class=\"Y2IQFc\" lang=\"tr\">Burada, HASA Global&#8217;de, birinci s\u0131n\u0131f, g\u00fcvenli ve g\u00fcvenilir do\u011fal ikramlar ve \u00e7i\u011fnemeler sa\u011flarken i\u015finizi bir sonraki seviyeye ta\u015f\u0131man\u0131za ve i\u015finizi b\u00fcy\u00fctmenize yard\u0131mc\u0131 olabiliriz.<\/span><\/p>\n<p><\/div><\/div>[\/vc_column_inner][\/vc_row_inner][vc_row_inner equal_height=&#8221;yes&#8221; content_placement=&#8221;middle&#8221;][vc_column_inner width=&#8221;1\/2&#8243; offset=&#8221;vc_col-lg-offset-1 vc_col-lg-6 vc_col-md-offset-1 vc_col-md-6 vc_col-sm-offset-0 vc_col-xs-12&#8243; css=&#8221;.vc_custom_1675415808878{margin-bottom: 20px !important;border-left-width: 3px !important;padding-left: 40px !important;border-left-color: #285370 !important;border-left-style: dashed !important;}&#8221;]<div id=\"ultimate-heading-821769e88918ced31\" class=\"uvc-heading ult-adjust-bottom-margin ultimate-heading-821769e88918ced31 uvc-2220 accent-icon-color uvc-heading-default-font-sizes\" data-hspacer=\"icon_only\"  data-halign=\"left\" style=\"text-align:left\"><div class=\"uvc-heading-spacer icon_only\" style=\"top\"><div class=\"ult-just-icon-wrapper  \"><div class=\"align-icon\" style=\"text-align:left;\">\n<div class=\"aio-icon none \"  style=\"font-size:32px;\">\n\t<i class=\"Defaults-paw\"><\/i>\n<\/div><\/div><\/div><\/div><div class=\"uvc-main-heading ult-responsive\"  data-ultimate-target='.uvc-heading.ultimate-heading-821769e88918ced31 h3'  data-responsive-json-new='{\"font-size\":\"\",\"line-height\":\"\"}' ><h3 style=\"font-weight:bold;margin-bottom:15px;\">\u00dcr\u00fcnlerimiz<\/h3><\/div><div class=\"uvc-sub-heading ult-responsive\"  data-ultimate-target='.uvc-heading.ultimate-heading-821769e88918ced31 .uvc-sub-heading '  data-responsive-json-new='{\"font-size\":\"\",\"line-height\":\"desktop:27px;\"}'  style=\"font-weight:normal;margin-bottom:20px;\"><\/p>\n<p class=\"p1\">\u0130htiya\u00e7lar\u0131n\u0131za g\u00f6re \u00f6zel yap\u0131m hizmetlerimiz hakk\u0131nda bilgi almaktan \u00e7ekinmeyin.<br \/>\nHizmetlerimiz hakk\u0131nda daha fazla bilgi edinmek i\u00e7in l\u00fctfen buraya <a href=\"https:\/\/hasaglobal.com\/urunlerimiz\/\">t\u0131klay\u0131n<\/a>.<\/p>\n<p><\/div><\/div>[\/vc_column_inner][vc_column_inner width=&#8221;1\/2&#8243; offset=&#8221;vc_col-lg-offset-0 vc_col-lg-4 vc_col-md-offset-0 vc_col-md-4 vc_col-sm-offset-0 vc_hidden-xs&#8221; css=&#8221;.vc_custom_1550511674362{padding-left: 40px !important;}&#8221;]<style type=\"text\/css\" data-type=\"the7_shortcodes-inline-css\">.shortcode-single-image-wrap.shortcode-single-image-fdcce76e9e95b3ffb658a6cdbda64080.enable-bg-rollover .rollover i,\n.shortcode-single-image-wrap.shortcode-single-image-fdcce76e9e95b3ffb658a6cdbda64080.enable-bg-rollover .rollover-video i {\n  background: -webkit-linear-gradient();\n  background: linear-gradient();\n}\n.shortcode-single-image-wrap.shortcode-single-image-fdcce76e9e95b3ffb658a6cdbda64080 .rollover-icon {\n  font-size: 32px;\n  color: #ffffff;\n  min-width: 44px;\n  min-height: 44px;\n  line-height: 44px;\n  border-radius: 100px;\n  border-style: solid;\n  border-width: 0px;\n}\n.dt-icon-bg-on.shortcode-single-image-wrap.shortcode-single-image-fdcce76e9e95b3ffb658a6cdbda64080 .rollover-icon {\n  background: rgba(255,255,255,0.3);\n  box-shadow: none;\n}\n<\/style><div class=\"shortcode-single-image-wrap shortcode-single-image-fdcce76e9e95b3ffb658a6cdbda64080 alignnone  enable-bg-rollover dt-icon-bg-off\" style=\"margin-top:0px; margin-bottom:0px; margin-left:0px; margin-right:0px; width:800px;\"><div class=\"shortcode-single-image\"><div class=\"fancy-media-wrap  layzr-bg\" style=\"border-radius:800px;\"><img loading=\"lazy\" decoding=\"async\" class=\"preload-me lazy-load\" src=\"data:image\/svg+xml,%3Csvg%20xmlns%3D&#39;http%3A%2F%2Fwww.w3.org%2F2000%2Fsvg&#39;%20viewBox%3D&#39;0%200%20584%20584&#39;%2F%3E\" data-src=\"https:\/\/hasaglobal.com\/wp-content\/uploads\/2023\/03\/hakkimizda-about-us..-584x584.jpg\" data-srcset=\"https:\/\/hasaglobal.com\/wp-content\/uploads\/2023\/03\/hakkimizda-about-us..-584x584.jpg 584w\" width=\"584\" height=\"584\"  data-dt-location=\"https:\/\/hasaglobal.com\/tr\/hakkimizda\/hakkimizda-about-us-3\/\" style=\"box-shadow:5px 5px 5px 5px rgba(0,0,0,0.6); -webkit-box-shadow:5px 5px 5px 5px rgba(0,0,0,0.6); border-radius:800px;\" alt=\"\" \/><\/div><\/div><\/div>[\/vc_column_inner][\/vc_row_inner][\/vc_column][\/vc_row]<\/p>\n<\/section>","protected":false},"excerpt":{"rendered":"<p>[vc_row][vc_column offset=&#8221;vc_col-lg-offset-0 vc_col-md-offset-0&#8243;][vc_row_inner equal_height=&#8221;yes&#8221; content_placement=&#8221;middle&#8221;][vc_column_inner width=&#8221;1\/2&#8243; offset=&#8221;vc_col-lg-offset-1 vc_col-lg-6 vc_col-md-offset-1 vc_col-md-6 vc_col-sm-offset-0 vc_col-xs-12&#8243; css=&#8221;.vc_custom_1675415808878{margin-bottom: 20px !important;border-left-width: 3px !important;padding-left: 40px !important;border-left-color: #285370 !important;border-left-style: dashed !important;}&#8221;][\/vc_column_inner][vc_column_inner width=&#8221;1\/2&#8243; offset=&#8221;vc_col-lg-offset-0 vc_col-lg-4 vc_col-md-offset-0 vc_col-md-4 vc_col-sm-offset-0 vc_hidden-xs&#8221; css=&#8221;.vc_custom_1550511674362{padding-left: 40px !important;}&#8221;][\/vc_column_inner][\/vc_row_inner][vc_row_inner equal_height=&#8221;yes&#8221; content_placement=&#8221;middle&#8221;][vc_column_inner width=&#8221;1\/2&#8243; offset=&#8221;vc_col-lg-offset-1 vc_col-lg-4 vc_col-md-offset-1 vc_col-md-4 vc_hidden-xs&#8221; css=&#8221;.vc_custom_1550511660681{padding-right: 40px !important;}&#8221;][\/vc_column_inner][vc_column_inner width=&#8221;1\/2&#8243; offset=&#8221;vc_col-lg-offset-0 vc_col-lg-6 vc_col-md-offset-0 vc_col-md-6 vc_col-sm-offset-0 vc_col-xs-12&#8243; css=&#8221;.vc_custom_1675415814365{margin-bottom: 20px !important;border-left-width: 3px&hellip;<\/p>\n","protected":false},"author":1,"featured_media":0,"parent":0,"menu_order":15,"comment_status":"closed","ping_status":"closed","template":"","meta":{"footnotes":""},"class_list":["post-492","page","type-page","status-publish","hentry","description-off"],"yoast_head":"<!-- This site is optimized with the Yoast SEO plugin v24.2 - https:\/\/yoast.com\/wordpress\/plugins\/seo\/ -->\n<title>Hakk\u0131m\u0131zda - Hasa Global<\/title>\n<meta name=\"robots\" content=\"index, follow, max-snippet:-1, max-image-preview:large, max-video-preview:-1\" \/>\n<link rel=\"canonical\" href=\"https:\/\/hasaglobal.com\/tr\/hakkimizda\/\" \/>\n<meta property=\"og:locale\" content=\"tr_TR\" \/>\n<meta property=\"og:type\" content=\"article\" \/>\n<meta property=\"og:title\" content=\"Hakk\u0131m\u0131zda - Hasa Global\" \/>\n<meta property=\"og:description\" content=\"[vc_row][vc_column offset=&#8221;vc_col-lg-offset-0 vc_col-md-offset-0&#8243;][vc_row_inner equal_height=&#8221;yes&#8221; content_placement=&#8221;middle&#8221;][vc_column_inner width=&#8221;1\/2&#8243; offset=&#8221;vc_col-lg-offset-1 vc_col-lg-6 vc_col-md-offset-1 vc_col-md-6 vc_col-sm-offset-0 vc_col-xs-12&#8243; css=&#8221;.vc_custom_1675415808878{margin-bottom: 20px !important;border-left-width: 3px !important;padding-left: 40px !important;border-left-color: #285370 !important;border-left-style: dashed !important;}&#8221;][\/vc_column_inner][vc_column_inner width=&#8221;1\/2&#8243; offset=&#8221;vc_col-lg-offset-0 vc_col-lg-4 vc_col-md-offset-0 vc_col-md-4 vc_col-sm-offset-0 vc_hidden-xs&#8221; css=&#8221;.vc_custom_1550511674362{padding-left: 40px !important;}&#8221;][\/vc_column_inner][\/vc_row_inner][vc_row_inner equal_height=&#8221;yes&#8221; content_placement=&#8221;middle&#8221;][vc_column_inner width=&#8221;1\/2&#8243; offset=&#8221;vc_col-lg-offset-1 vc_col-lg-4 vc_col-md-offset-1 vc_col-md-4 vc_hidden-xs&#8221; css=&#8221;.vc_custom_1550511660681{padding-right: 40px !important;}&#8221;][\/vc_column_inner][vc_column_inner width=&#8221;1\/2&#8243; offset=&#8221;vc_col-lg-offset-0 vc_col-lg-6 vc_col-md-offset-0 vc_col-md-6 vc_col-sm-offset-0 vc_col-xs-12&#8243; css=&#8221;.vc_custom_1675415814365{margin-bottom: 20px !important;border-left-width: 3px&hellip;\" \/>\n<meta property=\"og:url\" content=\"https:\/\/hasaglobal.com\/tr\/hakkimizda\/\" \/>\n<meta property=\"og:site_name\" content=\"Hasa Global\" \/>\n<meta property=\"article:publisher\" content=\"https:\/\/www.facebook.com\/awardogofficial\" \/>\n<meta property=\"article:modified_time\" content=\"2023-03-03T13:10:31+00:00\" \/>\n<meta property=\"og:image\" content=\"https:\/\/hasaglobal.com\/wp-content\/uploads\/2023\/02\/Adsiz-2000-\u00d7-1000-piksel-2000-\u00d7-500-piksel-250-\u00d7-63-piksel-500-\u00d7-126-piksel.png\" \/>\n\t<meta property=\"og:image:width\" content=\"500\" \/>\n\t<meta property=\"og:image:height\" content=\"126\" \/>\n\t<meta property=\"og:image:type\" content=\"image\/png\" \/>\n<meta name=\"twitter:card\" content=\"summary_large_image\" \/>\n<meta name=\"twitter:label1\" content=\"Tahmini okuma s\u00fcresi\" \/>\n\t<meta name=\"twitter:data1\" content=\"2 dakika\" \/>\n<script type=\"application\/ld+json\" class=\"yoast-schema-graph\">{\"@context\":\"https:\/\/schema.org\",\"@graph\":[{\"@type\":\"WebPage\",\"@id\":\"https:\/\/hasaglobal.com\/tr\/hakkimizda\/\",\"url\":\"https:\/\/hasaglobal.com\/tr\/hakkimizda\/\",\"name\":\"Hakk\u0131m\u0131zda - Hasa Global\",\"isPartOf\":{\"@id\":\"https:\/\/hasaglobal.com\/tr\/#website\"},\"datePublished\":\"2019-01-23T12:24:11+00:00\",\"dateModified\":\"2023-03-03T13:10:31+00:00\",\"breadcrumb\":{\"@id\":\"https:\/\/hasaglobal.com\/tr\/hakkimizda\/#breadcrumb\"},\"inLanguage\":\"tr\",\"potentialAction\":[{\"@type\":\"ReadAction\",\"target\":[\"https:\/\/hasaglobal.com\/tr\/hakkimizda\/\"]}]},{\"@type\":\"BreadcrumbList\",\"@id\":\"https:\/\/hasaglobal.com\/tr\/hakkimizda\/#breadcrumb\",\"itemListElement\":[{\"@type\":\"ListItem\",\"position\":1,\"name\":\"Anasayfa\",\"item\":\"https:\/\/hasaglobal.com\/tr\/\"},{\"@type\":\"ListItem\",\"position\":2,\"name\":\"Hakk\u0131m\u0131zda\"}]},{\"@type\":\"WebSite\",\"@id\":\"https:\/\/hasaglobal.com\/tr\/#website\",\"url\":\"https:\/\/hasaglobal.com\/tr\/\",\"name\":\"Hasa Global\",\"description\":\"Sevgini G\u00f6ster\",\"publisher\":{\"@id\":\"https:\/\/hasaglobal.com\/tr\/#organization\"},\"alternateName\":\"Hasa Global\",\"potentialAction\":[{\"@type\":\"SearchAction\",\"target\":{\"@type\":\"EntryPoint\",\"urlTemplate\":\"https:\/\/hasaglobal.com\/tr\/?s={search_term_string}\"},\"query-input\":{\"@type\":\"PropertyValueSpecification\",\"valueRequired\":true,\"valueName\":\"search_term_string\"}}],\"inLanguage\":\"tr\"},{\"@type\":\"Organization\",\"@id\":\"https:\/\/hasaglobal.com\/tr\/#organization\",\"name\":\"Hasa Global\",\"url\":\"https:\/\/hasaglobal.com\/tr\/\",\"logo\":{\"@type\":\"ImageObject\",\"inLanguage\":\"tr\",\"@id\":\"https:\/\/hasaglobal.com\/tr\/#\/schema\/logo\/image\/\",\"url\":\"https:\/\/hasaglobal.com\/wp-content\/uploads\/2023\/02\/Adsiz-2000-\u00d7-1000-piksel-2000-\u00d7-500-piksel-250-\u00d7-63-piksel-500-\u00d7-126-piksel.png\",\"contentUrl\":\"https:\/\/hasaglobal.com\/wp-content\/uploads\/2023\/02\/Adsiz-2000-\u00d7-1000-piksel-2000-\u00d7-500-piksel-250-\u00d7-63-piksel-500-\u00d7-126-piksel.png\",\"width\":500,\"height\":126,\"caption\":\"Hasa Global\"},\"image\":{\"@id\":\"https:\/\/hasaglobal.com\/tr\/#\/schema\/logo\/image\/\"},\"sameAs\":[\"https:\/\/www.facebook.com\/awardogofficial\"]}]}<\/script>\n<!-- \/ Yoast SEO plugin. -->","yoast_head_json":{"title":"Hakk\u0131m\u0131zda - Hasa Global","robots":{"index":"index","follow":"follow","max-snippet":"max-snippet:-1","max-image-preview":"max-image-preview:large","max-video-preview":"max-video-preview:-1"},"canonical":"https:\/\/hasaglobal.com\/tr\/hakkimizda\/","og_locale":"tr_TR","og_type":"article","og_title":"Hakk\u0131m\u0131zda - Hasa Global","og_description":"[vc_row][vc_column offset=&#8221;vc_col-lg-offset-0 vc_col-md-offset-0&#8243;][vc_row_inner equal_height=&#8221;yes&#8221; content_placement=&#8221;middle&#8221;][vc_column_inner width=&#8221;1\/2&#8243; offset=&#8221;vc_col-lg-offset-1 vc_col-lg-6 vc_col-md-offset-1 vc_col-md-6 vc_col-sm-offset-0 vc_col-xs-12&#8243; css=&#8221;.vc_custom_1675415808878{margin-bottom: 20px !important;border-left-width: 3px !important;padding-left: 40px !important;border-left-color: #285370 !important;border-left-style: dashed !important;}&#8221;][\/vc_column_inner][vc_column_inner width=&#8221;1\/2&#8243; offset=&#8221;vc_col-lg-offset-0 vc_col-lg-4 vc_col-md-offset-0 vc_col-md-4 vc_col-sm-offset-0 vc_hidden-xs&#8221; css=&#8221;.vc_custom_1550511674362{padding-left: 40px !important;}&#8221;][\/vc_column_inner][\/vc_row_inner][vc_row_inner equal_height=&#8221;yes&#8221; content_placement=&#8221;middle&#8221;][vc_column_inner width=&#8221;1\/2&#8243; offset=&#8221;vc_col-lg-offset-1 vc_col-lg-4 vc_col-md-offset-1 vc_col-md-4 vc_hidden-xs&#8221; css=&#8221;.vc_custom_1550511660681{padding-right: 40px !important;}&#8221;][\/vc_column_inner][vc_column_inner width=&#8221;1\/2&#8243; offset=&#8221;vc_col-lg-offset-0 vc_col-lg-6 vc_col-md-offset-0 vc_col-md-6 vc_col-sm-offset-0 vc_col-xs-12&#8243; css=&#8221;.vc_custom_1675415814365{margin-bottom: 20px !important;border-left-width: 3px&hellip;","og_url":"https:\/\/hasaglobal.com\/tr\/hakkimizda\/","og_site_name":"Hasa Global","article_publisher":"https:\/\/www.facebook.com\/awardogofficial","article_modified_time":"2023-03-03T13:10:31+00:00","og_image":[{"width":500,"height":126,"url":"https:\/\/hasaglobal.com\/wp-content\/uploads\/2023\/02\/Adsiz-2000-\u00d7-1000-piksel-2000-\u00d7-500-piksel-250-\u00d7-63-piksel-500-\u00d7-126-piksel.png","type":"image\/png"}],"twitter_card":"summary_large_image","twitter_misc":{"Tahmini okuma s\u00fcresi":"2 dakika"},"schema":{"@context":"https:\/\/schema.org","@graph":[{"@type":"WebPage","@id":"https:\/\/hasaglobal.com\/tr\/hakkimizda\/","url":"https:\/\/hasaglobal.com\/tr\/hakkimizda\/","name":"Hakk\u0131m\u0131zda - Hasa Global","isPartOf":{"@id":"https:\/\/hasaglobal.com\/tr\/#website"},"datePublished":"2019-01-23T12:24:11+00:00","dateModified":"2023-03-03T13:10:31+00:00","breadcrumb":{"@id":"https:\/\/hasaglobal.com\/tr\/hakkimizda\/#breadcrumb"},"inLanguage":"tr","potentialAction":[{"@type":"ReadAction","target":["https:\/\/hasaglobal.com\/tr\/hakkimizda\/"]}]},{"@type":"BreadcrumbList","@id":"https:\/\/hasaglobal.com\/tr\/hakkimizda\/#breadcrumb","itemListElement":[{"@type":"ListItem","position":1,"name":"Anasayfa","item":"https:\/\/hasaglobal.com\/tr\/"},{"@type":"ListItem","position":2,"name":"Hakk\u0131m\u0131zda"}]},{"@type":"WebSite","@id":"https:\/\/hasaglobal.com\/tr\/#website","url":"https:\/\/hasaglobal.com\/tr\/","name":"Hasa Global","description":"Sevgini G\u00f6ster","publisher":{"@id":"https:\/\/hasaglobal.com\/tr\/#organization"},"alternateName":"Hasa Global","potentialAction":[{"@type":"SearchAction","target":{"@type":"EntryPoint","urlTemplate":"https:\/\/hasaglobal.com\/tr\/?s={search_term_string}"},"query-input":{"@type":"PropertyValueSpecification","valueRequired":true,"valueName":"search_term_string"}}],"inLanguage":"tr"},{"@type":"Organization","@id":"https:\/\/hasaglobal.com\/tr\/#organization","name":"Hasa Global","url":"https:\/\/hasaglobal.com\/tr\/","logo":{"@type":"ImageObject","inLanguage":"tr","@id":"https:\/\/hasaglobal.com\/tr\/#\/schema\/logo\/image\/","url":"https:\/\/hasaglobal.com\/wp-content\/uploads\/2023\/02\/Adsiz-2000-\u00d7-1000-piksel-2000-\u00d7-500-piksel-250-\u00d7-63-piksel-500-\u00d7-126-piksel.png","contentUrl":"https:\/\/hasaglobal.com\/wp-content\/uploads\/2023\/02\/Adsiz-2000-\u00d7-1000-piksel-2000-\u00d7-500-piksel-250-\u00d7-63-piksel-500-\u00d7-126-piksel.png","width":500,"height":126,"caption":"Hasa Global"},"image":{"@id":"https:\/\/hasaglobal.com\/tr\/#\/schema\/logo\/image\/"},"sameAs":["https:\/\/www.facebook.com\/awardogofficial"]}]}},"_links":{"self":[{"href":"https:\/\/hasaglobal.com\/tr\/wp-json\/wp\/v2\/pages\/492","targetHints":{"allow":["GET"]}}],"collection":[{"href":"https:\/\/hasaglobal.com\/tr\/wp-json\/wp\/v2\/pages"}],"about":[{"href":"https:\/\/hasaglobal.com\/tr\/wp-json\/wp\/v2\/types\/page"}],"author":[{"embeddable":true,"href":"https:\/\/hasaglobal.com\/tr\/wp-json\/wp\/v2\/users\/1"}],"replies":[{"embeddable":true,"href":"https:\/\/hasaglobal.com\/tr\/wp-json\/wp\/v2\/comments?post=492"}],"version-history":[{"count":14,"href":"https:\/\/hasaglobal.com\/tr\/wp-json\/wp\/v2\/pages\/492\/revisions"}],"predecessor-version":[{"id":1368,"href":"https:\/\/hasaglobal.com\/tr\/wp-json\/wp\/v2\/pages\/492\/revisions\/1368"}],"wp:attachment":[{"href":"https:\/\/hasaglobal.com\/tr\/wp-json\/wp\/v2\/media?parent=492"}],"curies":[{"name":"wp","href":"https:\/\/api.w.org\/{rel}","templated":true}]}}